{"id":7597,"date":"2025-01-24T17:03:37","date_gmt":"2025-01-24T16:03:37","guid":{"rendered":"https:\/\/eventstuff.hu\/?post_type=product&#038;p=7597"},"modified":"2026-04-14T19:01:41","modified_gmt":"2026-04-14T17:01:41","slug":"vip-rattan-garnitura-2","status":"publish","type":"product","link":"https:\/\/eventstuff.hu\/en\/product\/vip-rattan-garnitura-2\/","title":{"rendered":"VIP rattan garnit\u00fara"},"content":{"rendered":"","protected":false},"excerpt":{"rendered":"<p>1 asztalb\u00f3l, 1 kanap\u00e9b\u00f3l, 2 fotelb\u00f3l \u00e1ll\u00f3 fonott \u00fcl\u0151garnit\u00fara. Aj\u00e1nljuk pihen\u0151sarkokba, VIP r\u00e9szlegek kialak\u00edt\u00e1s\u00e1ra. Nedvess\u00e9gt\u0151l \u00f3vni kell.<\/p>\n<p><img decoding=\"async\" class=\"alignnone size-full wp-image-7453\" src=\"https:\/\/eventstuff.hu\/wp-content\/uploads\/2024\/11\/ikon_kulteri-1.png\" alt=\"\" width=\"55\" height=\"70\" \/><\/p>\n","protected":false},"featured_media":7598,"template":"","meta":[],"product_brand":[],"product_cat":[202],"product_tag":[],"class_list":{"0":"post-7597","1":"product","2":"type-product","3":"status-publish","4":"has-post-thumbnail","6":"product_cat-kulteri-garniturak-kulteri-garniturak","8":"first","9":"instock","10":"taxable","11":"shipping-taxable","12":"purchasable","13":"product-type-simple"},"yoast_head":"<!-- This site is optimized with the Yoast SEO plugin v27.3 - https:\/\/yoast.com\/product\/yoast-seo-wordpress\/ -->\n<title>VIP rattan garnit\u00fara - Event Stuff<\/title>\n<meta name=\"description\" content=\"VIP rattan garnit\u00fara b\u00e9rl\u00e9s rendezv\u00e9nyekre. Ide\u00e1lis v\u00e1laszt\u00e1s k\u00fcl\u00f6nb\u00f6z\u0151 esem\u00e9nyekhez. K\u00e9rj aj\u00e1nlatot az EventStuff csapat\u00e1t\u00f3l!\" \/>\n<meta name=\"robots\" content=\"index, follow, max-snippet:-1, max-image-preview:large, max-video-preview:-1\" \/>\n<link rel=\"canonical\" href=\"https:\/\/eventstuff.hu\/en\/product\/vip-rattan-garnitura-2\/\" \/>\n<meta property=\"og:locale\" content=\"en_US\" \/>\n<meta property=\"og:type\" content=\"article\" \/>\n<meta property=\"og:title\" content=\"VIP rattan garnit\u00fara - Event Stuff\" \/>\n<meta property=\"og:description\" content=\"VIP rattan garnit\u00fara b\u00e9rl\u00e9s rendezv\u00e9nyekre. Ide\u00e1lis v\u00e1laszt\u00e1s k\u00fcl\u00f6nb\u00f6z\u0151 esem\u00e9nyekhez. K\u00e9rj aj\u00e1nlatot az EventStuff csapat\u00e1t\u00f3l!\" \/>\n<meta property=\"og:url\" content=\"https:\/\/eventstuff.hu\/en\/product\/vip-rattan-garnitura-2\/\" \/>\n<meta property=\"og:site_name\" content=\"Event Stuff\" \/>\n<meta property=\"article:publisher\" content=\"https:\/\/www.facebook.com\/EventStuffhu\" \/>\n<meta property=\"article:modified_time\" content=\"2026-04-14T17:01:41+00:00\" \/>\n<meta property=\"og:image\" content=\"https:\/\/eventstuff.hu\/wp-content\/uploads\/2025\/01\/uj-rattan-szett.png\" \/>\n\t<meta property=\"og:image:width\" content=\"1400\" \/>\n\t<meta property=\"og:image:height\" content=\"933\" \/>\n\t<meta property=\"og:image:type\" content=\"image\/png\" \/>\n<meta name=\"twitter:card\" content=\"summary_large_image\" \/>\n<meta name=\"twitter:label1\" content=\"Est. reading time\" \/>\n\t<meta name=\"twitter:data1\" content=\"1 minute\" \/>\n<script type=\"application\/ld+json\" class=\"yoast-schema-graph\">{\"@context\":\"https:\\\/\\\/schema.org\",\"@graph\":[{\"@type\":\"WebPage\",\"@id\":\"https:\\\/\\\/eventstuff.hu\\\/en\\\/product\\\/vip-rattan-garnitura-2\\\/\",\"url\":\"https:\\\/\\\/eventstuff.hu\\\/en\\\/product\\\/vip-rattan-garnitura-2\\\/\",\"name\":\"VIP rattan garnit\u00fara - Event Stuff\",\"isPartOf\":{\"@id\":\"https:\\\/\\\/eventstuff.hu\\\/en\\\/#website\"},\"primaryImageOfPage\":{\"@id\":\"https:\\\/\\\/eventstuff.hu\\\/en\\\/product\\\/vip-rattan-garnitura-2\\\/#primaryimage\"},\"image\":{\"@id\":\"https:\\\/\\\/eventstuff.hu\\\/en\\\/product\\\/vip-rattan-garnitura-2\\\/#primaryimage\"},\"thumbnailUrl\":\"https:\\\/\\\/eventstuff.hu\\\/wp-content\\\/uploads\\\/2025\\\/01\\\/uj-rattan-szett.png\",\"datePublished\":\"2025-01-24T16:03:37+00:00\",\"dateModified\":\"2026-04-14T17:01:41+00:00\",\"description\":\"VIP rattan garnit\u00fara b\u00e9rl\u00e9s rendezv\u00e9nyekre. Ide\u00e1lis v\u00e1laszt\u00e1s k\u00fcl\u00f6nb\u00f6z\u0151 esem\u00e9nyekhez. K\u00e9rj aj\u00e1nlatot az EventStuff csapat\u00e1t\u00f3l!\",\"breadcrumb\":{\"@id\":\"https:\\\/\\\/eventstuff.hu\\\/en\\\/product\\\/vip-rattan-garnitura-2\\\/#breadcrumb\"},\"inLanguage\":\"en-US\",\"potentialAction\":[{\"@type\":\"ReadAction\",\"target\":[\"https:\\\/\\\/eventstuff.hu\\\/en\\\/product\\\/vip-rattan-garnitura-2\\\/\"]}]},{\"@type\":\"ImageObject\",\"inLanguage\":\"en-US\",\"@id\":\"https:\\\/\\\/eventstuff.hu\\\/en\\\/product\\\/vip-rattan-garnitura-2\\\/#primaryimage\",\"url\":\"https:\\\/\\\/eventstuff.hu\\\/wp-content\\\/uploads\\\/2025\\\/01\\\/uj-rattan-szett.png\",\"contentUrl\":\"https:\\\/\\\/eventstuff.hu\\\/wp-content\\\/uploads\\\/2025\\\/01\\\/uj-rattan-szett.png\",\"width\":1400,\"height\":933},{\"@type\":\"BreadcrumbList\",\"@id\":\"https:\\\/\\\/eventstuff.hu\\\/en\\\/product\\\/vip-rattan-garnitura-2\\\/#breadcrumb\",\"itemListElement\":[{\"@type\":\"ListItem\",\"position\":1,\"name\":\"Kezd\u0151lap\",\"item\":\"https:\\\/\\\/eventstuff.hu\\\/en\\\/\"},{\"@type\":\"ListItem\",\"position\":2,\"name\":\"Term\u00e9kek\",\"item\":\"https:\\\/\\\/eventstuff.hu\\\/termekek\\\/\"},{\"@type\":\"ListItem\",\"position\":3,\"name\":\"Furniture\",\"item\":\"https:\\\/\\\/eventstuff.hu\\\/en\\\/product-category\\\/furniture\\\/\"},{\"@type\":\"ListItem\",\"position\":4,\"name\":\"Outdoor furniture\",\"item\":\"https:\\\/\\\/eventstuff.hu\\\/en\\\/product-category\\\/furniture\\\/outdoor-furniture\\\/\"},{\"@type\":\"ListItem\",\"position\":5,\"name\":\"Outdoor furniture\",\"item\":\"https:\\\/\\\/eventstuff.hu\\\/en\\\/product-category\\\/furniture\\\/outdoor-furniture\\\/outdoor-furniture-en\\\/\"},{\"@type\":\"ListItem\",\"position\":6,\"name\":\"VIP rattan garnit\u00fara\"}]},{\"@type\":\"WebSite\",\"@id\":\"https:\\\/\\\/eventstuff.hu\\\/en\\\/#website\",\"url\":\"https:\\\/\\\/eventstuff.hu\\\/en\\\/\",\"name\":\"Event Stuff\",\"description\":\"A sikeres rendezv\u00e9ny kell\u00e9kt\u00e1ra\",\"publisher\":{\"@id\":\"https:\\\/\\\/eventstuff.hu\\\/en\\\/#organization\"},\"potentialAction\":[{\"@type\":\"SearchAction\",\"target\":{\"@type\":\"EntryPoint\",\"urlTemplate\":\"https:\\\/\\\/eventstuff.hu\\\/en\\\/?s={search_term_string}\"},\"query-input\":{\"@type\":\"PropertyValueSpecification\",\"valueRequired\":true,\"valueName\":\"search_term_string\"}}],\"inLanguage\":\"en-US\"},{\"@type\":\"Organization\",\"@id\":\"https:\\\/\\\/eventstuff.hu\\\/en\\\/#organization\",\"name\":\"Event Stuff\",\"url\":\"https:\\\/\\\/eventstuff.hu\\\/en\\\/\",\"logo\":{\"@type\":\"ImageObject\",\"inLanguage\":\"en-US\",\"@id\":\"https:\\\/\\\/eventstuff.hu\\\/en\\\/#\\\/schema\\\/logo\\\/image\\\/\",\"url\":\"https:\\\/\\\/eventstuff.hu\\\/wp-content\\\/uploads\\\/2024\\\/10\\\/eventstuff-logo.png\",\"contentUrl\":\"https:\\\/\\\/eventstuff.hu\\\/wp-content\\\/uploads\\\/2024\\\/10\\\/eventstuff-logo.png\",\"width\":240,\"height\":168,\"caption\":\"Event Stuff\"},\"image\":{\"@id\":\"https:\\\/\\\/eventstuff.hu\\\/en\\\/#\\\/schema\\\/logo\\\/image\\\/\"},\"sameAs\":[\"https:\\\/\\\/www.facebook.com\\\/EventStuffhu\",\"https:\\\/\\\/www.instagram.com\\\/eventstuff_hu\\\/\",\"https:\\\/\\\/www.linkedin.com\\\/company\\\/event-stuff\\\/\"]}]}<\/script>\n<!-- \/ Yoast SEO plugin. -->","yoast_head_json":{"title":"VIP rattan garnit\u00fara - Event Stuff","description":"VIP rattan garnit\u00fara b\u00e9rl\u00e9s rendezv\u00e9nyekre. Ide\u00e1lis v\u00e1laszt\u00e1s k\u00fcl\u00f6nb\u00f6z\u0151 esem\u00e9nyekhez. K\u00e9rj aj\u00e1nlatot az EventStuff csapat\u00e1t\u00f3l!","robots":{"index":"index","follow":"follow","max-snippet":"max-snippet:-1","max-image-preview":"max-image-preview:large","max-video-preview":"max-video-preview:-1"},"canonical":"https:\/\/eventstuff.hu\/en\/product\/vip-rattan-garnitura-2\/","og_locale":"en_US","og_type":"article","og_title":"VIP rattan garnit\u00fara - Event Stuff","og_description":"VIP rattan garnit\u00fara b\u00e9rl\u00e9s rendezv\u00e9nyekre. Ide\u00e1lis v\u00e1laszt\u00e1s k\u00fcl\u00f6nb\u00f6z\u0151 esem\u00e9nyekhez. K\u00e9rj aj\u00e1nlatot az EventStuff csapat\u00e1t\u00f3l!","og_url":"https:\/\/eventstuff.hu\/en\/product\/vip-rattan-garnitura-2\/","og_site_name":"Event Stuff","article_publisher":"https:\/\/www.facebook.com\/EventStuffhu","article_modified_time":"2026-04-14T17:01:41+00:00","og_image":[{"width":1400,"height":933,"url":"https:\/\/eventstuff.hu\/wp-content\/uploads\/2025\/01\/uj-rattan-szett.png","type":"image\/png"}],"twitter_card":"summary_large_image","twitter_misc":{"Est. reading time":"1 minute"},"schema":{"@context":"https:\/\/schema.org","@graph":[{"@type":"WebPage","@id":"https:\/\/eventstuff.hu\/en\/product\/vip-rattan-garnitura-2\/","url":"https:\/\/eventstuff.hu\/en\/product\/vip-rattan-garnitura-2\/","name":"VIP rattan garnit\u00fara - Event Stuff","isPartOf":{"@id":"https:\/\/eventstuff.hu\/en\/#website"},"primaryImageOfPage":{"@id":"https:\/\/eventstuff.hu\/en\/product\/vip-rattan-garnitura-2\/#primaryimage"},"image":{"@id":"https:\/\/eventstuff.hu\/en\/product\/vip-rattan-garnitura-2\/#primaryimage"},"thumbnailUrl":"https:\/\/eventstuff.hu\/wp-content\/uploads\/2025\/01\/uj-rattan-szett.png","datePublished":"2025-01-24T16:03:37+00:00","dateModified":"2026-04-14T17:01:41+00:00","description":"VIP rattan garnit\u00fara b\u00e9rl\u00e9s rendezv\u00e9nyekre. Ide\u00e1lis v\u00e1laszt\u00e1s k\u00fcl\u00f6nb\u00f6z\u0151 esem\u00e9nyekhez. K\u00e9rj aj\u00e1nlatot az EventStuff csapat\u00e1t\u00f3l!","breadcrumb":{"@id":"https:\/\/eventstuff.hu\/en\/product\/vip-rattan-garnitura-2\/#breadcrumb"},"inLanguage":"en-US","potentialAction":[{"@type":"ReadAction","target":["https:\/\/eventstuff.hu\/en\/product\/vip-rattan-garnitura-2\/"]}]},{"@type":"ImageObject","inLanguage":"en-US","@id":"https:\/\/eventstuff.hu\/en\/product\/vip-rattan-garnitura-2\/#primaryimage","url":"https:\/\/eventstuff.hu\/wp-content\/uploads\/2025\/01\/uj-rattan-szett.png","contentUrl":"https:\/\/eventstuff.hu\/wp-content\/uploads\/2025\/01\/uj-rattan-szett.png","width":1400,"height":933},{"@type":"BreadcrumbList","@id":"https:\/\/eventstuff.hu\/en\/product\/vip-rattan-garnitura-2\/#breadcrumb","itemListElement":[{"@type":"ListItem","position":1,"name":"Kezd\u0151lap","item":"https:\/\/eventstuff.hu\/en\/"},{"@type":"ListItem","position":2,"name":"Term\u00e9kek","item":"https:\/\/eventstuff.hu\/termekek\/"},{"@type":"ListItem","position":3,"name":"Furniture","item":"https:\/\/eventstuff.hu\/en\/product-category\/furniture\/"},{"@type":"ListItem","position":4,"name":"Outdoor furniture","item":"https:\/\/eventstuff.hu\/en\/product-category\/furniture\/outdoor-furniture\/"},{"@type":"ListItem","position":5,"name":"Outdoor furniture","item":"https:\/\/eventstuff.hu\/en\/product-category\/furniture\/outdoor-furniture\/outdoor-furniture-en\/"},{"@type":"ListItem","position":6,"name":"VIP rattan garnit\u00fara"}]},{"@type":"WebSite","@id":"https:\/\/eventstuff.hu\/en\/#website","url":"https:\/\/eventstuff.hu\/en\/","name":"Event Stuff","description":"A sikeres rendezv\u00e9ny kell\u00e9kt\u00e1ra","publisher":{"@id":"https:\/\/eventstuff.hu\/en\/#organization"},"potentialAction":[{"@type":"SearchAction","target":{"@type":"EntryPoint","urlTemplate":"https:\/\/eventstuff.hu\/en\/?s={search_term_string}"},"query-input":{"@type":"PropertyValueSpecification","valueRequired":true,"valueName":"search_term_string"}}],"inLanguage":"en-US"},{"@type":"Organization","@id":"https:\/\/eventstuff.hu\/en\/#organization","name":"Event Stuff","url":"https:\/\/eventstuff.hu\/en\/","logo":{"@type":"ImageObject","inLanguage":"en-US","@id":"https:\/\/eventstuff.hu\/en\/#\/schema\/logo\/image\/","url":"https:\/\/eventstuff.hu\/wp-content\/uploads\/2024\/10\/eventstuff-logo.png","contentUrl":"https:\/\/eventstuff.hu\/wp-content\/uploads\/2024\/10\/eventstuff-logo.png","width":240,"height":168,"caption":"Event Stuff"},"image":{"@id":"https:\/\/eventstuff.hu\/en\/#\/schema\/logo\/image\/"},"sameAs":["https:\/\/www.facebook.com\/EventStuffhu","https:\/\/www.instagram.com\/eventstuff_hu\/","https:\/\/www.linkedin.com\/company\/event-stuff\/"]}]}},"_links":{"self":[{"href":"https:\/\/eventstuff.hu\/en\/wp-json\/wp\/v2\/product\/7597","targetHints":{"allow":["GET"]}}],"collection":[{"href":"https:\/\/eventstuff.hu\/en\/wp-json\/wp\/v2\/product"}],"about":[{"href":"https:\/\/eventstuff.hu\/en\/wp-json\/wp\/v2\/types\/product"}],"wp:featuredmedia":[{"embeddable":true,"href":"https:\/\/eventstuff.hu\/en\/wp-json\/wp\/v2\/media\/7598"}],"wp:attachment":[{"href":"https:\/\/eventstuff.hu\/en\/wp-json\/wp\/v2\/media?parent=7597"}],"wp:term":[{"taxonomy":"product_brand","embeddable":true,"href":"https:\/\/eventstuff.hu\/en\/wp-json\/wp\/v2\/product_brand?post=7597"},{"taxonomy":"product_cat","embeddable":true,"href":"https:\/\/eventstuff.hu\/en\/wp-json\/wp\/v2\/product_cat?post=7597"},{"taxonomy":"product_tag","embeddable":true,"href":"https:\/\/eventstuff.hu\/en\/wp-json\/wp\/v2\/product_tag?post=7597"}],"curies":[{"name":"wp","href":"https:\/\/api.w.org\/{rel}","templated":true}]}}