{"id":7086,"date":"2024-11-19T16:22:57","date_gmt":"2024-11-19T15:22:57","guid":{"rendered":"https:\/\/eventstuff.hu\/termek\/glass-coffe-table\/"},"modified":"2025-12-06T13:37:13","modified_gmt":"2025-12-06T12:37:13","slug":"glass-coffe-table","status":"publish","type":"product","link":"https:\/\/eventstuff.hu\/en\/product\/glass-coffe-table\/","title":{"rendered":"Glass Coffe Table"},"content":{"rendered":"","protected":false},"excerpt":{"rendered":"<p><span class=\"TextRun SCXW157495839 BCX0\" lang=\"HU\" xml_lang=\"HU\" data-contrast=\"auto\">Its clean, minimalist design fits seamlessly into any space.<\/span><span class=\"EOP SCXW157495839 BCX0\" data-ccp-props=\"{\"201341983\":0,\"335559740\":257}\"> <\/span><\/p>\n","protected":false},"featured_media":7944,"template":"","meta":[],"product_brand":[],"product_cat":[322],"product_tag":[],"class_list":{"0":"post-7086","1":"product","2":"type-product","3":"status-publish","4":"has-post-thumbnail","6":"product_cat-vip-furniture","8":"first","9":"instock","10":"purchasable","11":"product-type-simple"},"yoast_head":"<!-- This site is optimized with the Yoast SEO plugin v27.2 - https:\/\/yoast.com\/product\/yoast-seo-wordpress\/ -->\n<title>Glass Coffe Table - Event Stuff<\/title>\n<meta name=\"description\" content=\"Glass Coffe Table b\u00e9rl\u00e9s rendezv\u00e9nyekre. Ide\u00e1lis v\u00e1laszt\u00e1s k\u00fcl\u00f6nb\u00f6z\u0151 esem\u00e9nyekhez. K\u00e9rj aj\u00e1nlatot az EventStuff csapat\u00e1t\u00f3l!\" \/>\n<meta name=\"robots\" content=\"index, follow, max-snippet:-1, max-image-preview:large, max-video-preview:-1\" \/>\n<link rel=\"canonical\" href=\"https:\/\/eventstuff.hu\/en\/product\/glass-coffe-table\/\" \/>\n<meta property=\"og:locale\" content=\"en_US\" \/>\n<meta property=\"og:type\" content=\"article\" \/>\n<meta property=\"og:title\" content=\"Glass Coffe Table - Event Stuff\" \/>\n<meta property=\"og:description\" content=\"Glass Coffe Table b\u00e9rl\u00e9s rendezv\u00e9nyekre. Ide\u00e1lis v\u00e1laszt\u00e1s k\u00fcl\u00f6nb\u00f6z\u0151 esem\u00e9nyekhez. K\u00e9rj aj\u00e1nlatot az EventStuff csapat\u00e1t\u00f3l!\" \/>\n<meta property=\"og:url\" content=\"https:\/\/eventstuff.hu\/en\/product\/glass-coffe-table\/\" \/>\n<meta property=\"og:site_name\" content=\"Event Stuff\" \/>\n<meta property=\"article:publisher\" content=\"https:\/\/www.facebook.com\/EventStuffhu\" \/>\n<meta property=\"article:modified_time\" content=\"2025-12-06T12:37:13+00:00\" \/>\n<meta property=\"og:image\" content=\"https:\/\/eventstuff.hu\/wp-content\/uploads\/2024\/11\/uveg-dohanyzoasztal.png\" \/>\n\t<meta property=\"og:image:width\" content=\"900\" \/>\n\t<meta property=\"og:image:height\" content=\"652\" \/>\n\t<meta property=\"og:image:type\" content=\"image\/png\" \/>\n<meta name=\"twitter:card\" content=\"summary_large_image\" \/>\n<script type=\"application\/ld+json\" class=\"yoast-schema-graph\">{\"@context\":\"https:\/\/schema.org\",\"@graph\":[{\"@type\":\"WebPage\",\"@id\":\"https:\/\/eventstuff.hu\/en\/product\/glass-coffe-table\/\",\"url\":\"https:\/\/eventstuff.hu\/en\/product\/glass-coffe-table\/\",\"name\":\"Glass Coffe Table - Event Stuff\",\"isPartOf\":{\"@id\":\"https:\/\/eventstuff.hu\/en\/#website\"},\"primaryImageOfPage\":{\"@id\":\"https:\/\/eventstuff.hu\/en\/product\/glass-coffe-table\/#primaryimage\"},\"image\":{\"@id\":\"https:\/\/eventstuff.hu\/en\/product\/glass-coffe-table\/#primaryimage\"},\"thumbnailUrl\":\"https:\/\/eventstuff.hu\/wp-content\/uploads\/2024\/11\/uveg-dohanyzoasztal.png\",\"datePublished\":\"2024-11-19T15:22:57+00:00\",\"dateModified\":\"2025-12-06T12:37:13+00:00\",\"description\":\"Glass Coffe Table b\u00e9rl\u00e9s rendezv\u00e9nyekre. Ide\u00e1lis v\u00e1laszt\u00e1s k\u00fcl\u00f6nb\u00f6z\u0151 esem\u00e9nyekhez. K\u00e9rj aj\u00e1nlatot az EventStuff csapat\u00e1t\u00f3l!\",\"breadcrumb\":{\"@id\":\"https:\/\/eventstuff.hu\/en\/product\/glass-coffe-table\/#breadcrumb\"},\"inLanguage\":\"en-US\",\"potentialAction\":[{\"@type\":\"ReadAction\",\"target\":[\"https:\/\/eventstuff.hu\/en\/product\/glass-coffe-table\/\"]}]},{\"@type\":\"ImageObject\",\"inLanguage\":\"en-US\",\"@id\":\"https:\/\/eventstuff.hu\/en\/product\/glass-coffe-table\/#primaryimage\",\"url\":\"https:\/\/eventstuff.hu\/wp-content\/uploads\/2024\/11\/uveg-dohanyzoasztal.png\",\"contentUrl\":\"https:\/\/eventstuff.hu\/wp-content\/uploads\/2024\/11\/uveg-dohanyzoasztal.png\",\"width\":900,\"height\":652},{\"@type\":\"BreadcrumbList\",\"@id\":\"https:\/\/eventstuff.hu\/en\/product\/glass-coffe-table\/#breadcrumb\",\"itemListElement\":[{\"@type\":\"ListItem\",\"position\":1,\"name\":\"Kezd\u0151lap\",\"item\":\"https:\/\/eventstuff.hu\/en\/\"},{\"@type\":\"ListItem\",\"position\":2,\"name\":\"Term\u00e9kek\",\"item\":\"https:\/\/eventstuff.hu\/termekek\/\"},{\"@type\":\"ListItem\",\"position\":3,\"name\":\"VIP Furniture\",\"item\":\"https:\/\/eventstuff.hu\/en\/product-category\/vip-furniture\/\"},{\"@type\":\"ListItem\",\"position\":4,\"name\":\"Glass Coffe Table\"}]},{\"@type\":\"WebSite\",\"@id\":\"https:\/\/eventstuff.hu\/en\/#website\",\"url\":\"https:\/\/eventstuff.hu\/en\/\",\"name\":\"Event Stuff\",\"description\":\"A sikeres rendezv\u00e9ny kell\u00e9kt\u00e1ra\",\"publisher\":{\"@id\":\"https:\/\/eventstuff.hu\/en\/#organization\"},\"potentialAction\":[{\"@type\":\"SearchAction\",\"target\":{\"@type\":\"EntryPoint\",\"urlTemplate\":\"https:\/\/eventstuff.hu\/en\/?s={search_term_string}\"},\"query-input\":{\"@type\":\"PropertyValueSpecification\",\"valueRequired\":true,\"valueName\":\"search_term_string\"}}],\"inLanguage\":\"en-US\"},{\"@type\":\"Organization\",\"@id\":\"https:\/\/eventstuff.hu\/en\/#organization\",\"name\":\"Event Stuff\",\"url\":\"https:\/\/eventstuff.hu\/en\/\",\"logo\":{\"@type\":\"ImageObject\",\"inLanguage\":\"en-US\",\"@id\":\"https:\/\/eventstuff.hu\/en\/#\/schema\/logo\/image\/\",\"url\":\"https:\/\/eventstuff.hu\/wp-content\/uploads\/2024\/10\/eventstuff-logo.png\",\"contentUrl\":\"https:\/\/eventstuff.hu\/wp-content\/uploads\/2024\/10\/eventstuff-logo.png\",\"width\":240,\"height\":168,\"caption\":\"Event Stuff\"},\"image\":{\"@id\":\"https:\/\/eventstuff.hu\/en\/#\/schema\/logo\/image\/\"},\"sameAs\":[\"https:\/\/www.facebook.com\/EventStuffhu\",\"https:\/\/www.instagram.com\/eventstuff_hu\/\",\"https:\/\/www.linkedin.com\/company\/event-stuff\/\"]}]}<\/script>\n<!-- \/ Yoast SEO plugin. -->","yoast_head_json":{"title":"Glass Coffe Table - Event Stuff","description":"Glass Coffe Table b\u00e9rl\u00e9s rendezv\u00e9nyekre. Ide\u00e1lis v\u00e1laszt\u00e1s k\u00fcl\u00f6nb\u00f6z\u0151 esem\u00e9nyekhez. K\u00e9rj aj\u00e1nlatot az EventStuff csapat\u00e1t\u00f3l!","robots":{"index":"index","follow":"follow","max-snippet":"max-snippet:-1","max-image-preview":"max-image-preview:large","max-video-preview":"max-video-preview:-1"},"canonical":"https:\/\/eventstuff.hu\/en\/product\/glass-coffe-table\/","og_locale":"en_US","og_type":"article","og_title":"Glass Coffe Table - Event Stuff","og_description":"Glass Coffe Table b\u00e9rl\u00e9s rendezv\u00e9nyekre. Ide\u00e1lis v\u00e1laszt\u00e1s k\u00fcl\u00f6nb\u00f6z\u0151 esem\u00e9nyekhez. K\u00e9rj aj\u00e1nlatot az EventStuff csapat\u00e1t\u00f3l!","og_url":"https:\/\/eventstuff.hu\/en\/product\/glass-coffe-table\/","og_site_name":"Event Stuff","article_publisher":"https:\/\/www.facebook.com\/EventStuffhu","article_modified_time":"2025-12-06T12:37:13+00:00","og_image":[{"width":900,"height":652,"url":"https:\/\/eventstuff.hu\/wp-content\/uploads\/2024\/11\/uveg-dohanyzoasztal.png","type":"image\/png"}],"twitter_card":"summary_large_image","schema":{"@context":"https:\/\/schema.org","@graph":[{"@type":"WebPage","@id":"https:\/\/eventstuff.hu\/en\/product\/glass-coffe-table\/","url":"https:\/\/eventstuff.hu\/en\/product\/glass-coffe-table\/","name":"Glass Coffe Table - Event Stuff","isPartOf":{"@id":"https:\/\/eventstuff.hu\/en\/#website"},"primaryImageOfPage":{"@id":"https:\/\/eventstuff.hu\/en\/product\/glass-coffe-table\/#primaryimage"},"image":{"@id":"https:\/\/eventstuff.hu\/en\/product\/glass-coffe-table\/#primaryimage"},"thumbnailUrl":"https:\/\/eventstuff.hu\/wp-content\/uploads\/2024\/11\/uveg-dohanyzoasztal.png","datePublished":"2024-11-19T15:22:57+00:00","dateModified":"2025-12-06T12:37:13+00:00","description":"Glass Coffe Table b\u00e9rl\u00e9s rendezv\u00e9nyekre. Ide\u00e1lis v\u00e1laszt\u00e1s k\u00fcl\u00f6nb\u00f6z\u0151 esem\u00e9nyekhez. K\u00e9rj aj\u00e1nlatot az EventStuff csapat\u00e1t\u00f3l!","breadcrumb":{"@id":"https:\/\/eventstuff.hu\/en\/product\/glass-coffe-table\/#breadcrumb"},"inLanguage":"en-US","potentialAction":[{"@type":"ReadAction","target":["https:\/\/eventstuff.hu\/en\/product\/glass-coffe-table\/"]}]},{"@type":"ImageObject","inLanguage":"en-US","@id":"https:\/\/eventstuff.hu\/en\/product\/glass-coffe-table\/#primaryimage","url":"https:\/\/eventstuff.hu\/wp-content\/uploads\/2024\/11\/uveg-dohanyzoasztal.png","contentUrl":"https:\/\/eventstuff.hu\/wp-content\/uploads\/2024\/11\/uveg-dohanyzoasztal.png","width":900,"height":652},{"@type":"BreadcrumbList","@id":"https:\/\/eventstuff.hu\/en\/product\/glass-coffe-table\/#breadcrumb","itemListElement":[{"@type":"ListItem","position":1,"name":"Kezd\u0151lap","item":"https:\/\/eventstuff.hu\/en\/"},{"@type":"ListItem","position":2,"name":"Term\u00e9kek","item":"https:\/\/eventstuff.hu\/termekek\/"},{"@type":"ListItem","position":3,"name":"VIP Furniture","item":"https:\/\/eventstuff.hu\/en\/product-category\/vip-furniture\/"},{"@type":"ListItem","position":4,"name":"Glass Coffe Table"}]},{"@type":"WebSite","@id":"https:\/\/eventstuff.hu\/en\/#website","url":"https:\/\/eventstuff.hu\/en\/","name":"Event Stuff","description":"A sikeres rendezv\u00e9ny kell\u00e9kt\u00e1ra","publisher":{"@id":"https:\/\/eventstuff.hu\/en\/#organization"},"potentialAction":[{"@type":"SearchAction","target":{"@type":"EntryPoint","urlTemplate":"https:\/\/eventstuff.hu\/en\/?s={search_term_string}"},"query-input":{"@type":"PropertyValueSpecification","valueRequired":true,"valueName":"search_term_string"}}],"inLanguage":"en-US"},{"@type":"Organization","@id":"https:\/\/eventstuff.hu\/en\/#organization","name":"Event Stuff","url":"https:\/\/eventstuff.hu\/en\/","logo":{"@type":"ImageObject","inLanguage":"en-US","@id":"https:\/\/eventstuff.hu\/en\/#\/schema\/logo\/image\/","url":"https:\/\/eventstuff.hu\/wp-content\/uploads\/2024\/10\/eventstuff-logo.png","contentUrl":"https:\/\/eventstuff.hu\/wp-content\/uploads\/2024\/10\/eventstuff-logo.png","width":240,"height":168,"caption":"Event Stuff"},"image":{"@id":"https:\/\/eventstuff.hu\/en\/#\/schema\/logo\/image\/"},"sameAs":["https:\/\/www.facebook.com\/EventStuffhu","https:\/\/www.instagram.com\/eventstuff_hu\/","https:\/\/www.linkedin.com\/company\/event-stuff\/"]}]}},"_links":{"self":[{"href":"https:\/\/eventstuff.hu\/en\/wp-json\/wp\/v2\/product\/7086","targetHints":{"allow":["GET"]}}],"collection":[{"href":"https:\/\/eventstuff.hu\/en\/wp-json\/wp\/v2\/product"}],"about":[{"href":"https:\/\/eventstuff.hu\/en\/wp-json\/wp\/v2\/types\/product"}],"wp:featuredmedia":[{"embeddable":true,"href":"https:\/\/eventstuff.hu\/en\/wp-json\/wp\/v2\/media\/7944"}],"wp:attachment":[{"href":"https:\/\/eventstuff.hu\/en\/wp-json\/wp\/v2\/media?parent=7086"}],"wp:term":[{"taxonomy":"product_brand","embeddable":true,"href":"https:\/\/eventstuff.hu\/en\/wp-json\/wp\/v2\/product_brand?post=7086"},{"taxonomy":"product_cat","embeddable":true,"href":"https:\/\/eventstuff.hu\/en\/wp-json\/wp\/v2\/product_cat?post=7086"},{"taxonomy":"product_tag","embeddable":true,"href":"https:\/\/eventstuff.hu\/en\/wp-json\/wp\/v2\/product_tag?post=7086"}],"curies":[{"name":"wp","href":"https:\/\/api.w.org\/{rel}","templated":true}]}}