{"id":6963,"date":"2024-11-19T16:18:57","date_gmt":"2024-11-19T15:18:57","guid":{"rendered":"https:\/\/eventstuff.hu\/termek\/refrigerator-high-lockable\/"},"modified":"2024-12-12T11:07:45","modified_gmt":"2024-12-12T10:07:45","slug":"refrigerator-high-lockable","status":"publish","type":"product","link":"https:\/\/eventstuff.hu\/en\/product\/refrigerator-high-lockable\/","title":{"rendered":"Refrigerator High Lockable"},"content":{"rendered":"","protected":false},"excerpt":{"rendered":"<p>Large appliance with practical storage options, 377L capacity. Can be locked.<\/p>\n","protected":false},"featured_media":5523,"template":"","meta":[],"product_brand":[],"product_cat":[523],"product_tag":[],"class_list":{"0":"post-6963","1":"product","2":"type-product","3":"status-publish","4":"has-post-thumbnail","6":"product_cat-machines-electrical-equipment","7":"pa_material-steel-plastic","9":"first","10":"instock","11":"purchasable","12":"product-type-simple"},"yoast_head":"<!-- This site is optimized with the Yoast SEO plugin v27.2 - https:\/\/yoast.com\/product\/yoast-seo-wordpress\/ -->\n<title>Refrigerator High Lockable - Event Stuff<\/title>\n<meta name=\"description\" content=\"Refrigerator High Lockable b\u00e9rl\u00e9s rendezv\u00e9nyekre. Ide\u00e1lis v\u00e1laszt\u00e1s k\u00fcl\u00f6nb\u00f6z\u0151 esem\u00e9nyekhez. K\u00e9rj aj\u00e1nlatot az EventStuff csapat\u00e1t\u00f3l!\" \/>\n<meta name=\"robots\" content=\"index, follow, max-snippet:-1, max-image-preview:large, max-video-preview:-1\" \/>\n<link rel=\"canonical\" href=\"https:\/\/eventstuff.hu\/en\/product\/refrigerator-high-lockable\/\" \/>\n<meta property=\"og:locale\" content=\"en_US\" \/>\n<meta property=\"og:type\" content=\"article\" \/>\n<meta property=\"og:title\" content=\"Refrigerator High Lockable - Event Stuff\" \/>\n<meta property=\"og:description\" content=\"Refrigerator High Lockable b\u00e9rl\u00e9s rendezv\u00e9nyekre. Ide\u00e1lis v\u00e1laszt\u00e1s k\u00fcl\u00f6nb\u00f6z\u0151 esem\u00e9nyekhez. K\u00e9rj aj\u00e1nlatot az EventStuff csapat\u00e1t\u00f3l!\" \/>\n<meta property=\"og:url\" content=\"https:\/\/eventstuff.hu\/en\/product\/refrigerator-high-lockable\/\" \/>\n<meta property=\"og:site_name\" content=\"Event Stuff\" \/>\n<meta property=\"article:publisher\" content=\"https:\/\/www.facebook.com\/EventStuffhu\" \/>\n<meta property=\"article:modified_time\" content=\"2024-12-12T10:07:45+00:00\" \/>\n<meta property=\"og:image\" content=\"https:\/\/eventstuff.hu\/wp-content\/uploads\/2024\/11\/Huto-nagy-zarhato.png\" \/>\n\t<meta property=\"og:image:width\" content=\"800\" \/>\n\t<meta property=\"og:image:height\" content=\"584\" \/>\n\t<meta property=\"og:image:type\" content=\"image\/png\" \/>\n<meta name=\"twitter:card\" content=\"summary_large_image\" \/>\n<script type=\"application\/ld+json\" class=\"yoast-schema-graph\">{\"@context\":\"https:\/\/schema.org\",\"@graph\":[{\"@type\":\"WebPage\",\"@id\":\"https:\/\/eventstuff.hu\/en\/product\/refrigerator-high-lockable\/\",\"url\":\"https:\/\/eventstuff.hu\/en\/product\/refrigerator-high-lockable\/\",\"name\":\"Refrigerator High Lockable - Event Stuff\",\"isPartOf\":{\"@id\":\"https:\/\/eventstuff.hu\/en\/#website\"},\"primaryImageOfPage\":{\"@id\":\"https:\/\/eventstuff.hu\/en\/product\/refrigerator-high-lockable\/#primaryimage\"},\"image\":{\"@id\":\"https:\/\/eventstuff.hu\/en\/product\/refrigerator-high-lockable\/#primaryimage\"},\"thumbnailUrl\":\"https:\/\/eventstuff.hu\/wp-content\/uploads\/2024\/11\/Huto-nagy-zarhato.png\",\"datePublished\":\"2024-11-19T15:18:57+00:00\",\"dateModified\":\"2024-12-12T10:07:45+00:00\",\"description\":\"Refrigerator High Lockable b\u00e9rl\u00e9s rendezv\u00e9nyekre. Ide\u00e1lis v\u00e1laszt\u00e1s k\u00fcl\u00f6nb\u00f6z\u0151 esem\u00e9nyekhez. K\u00e9rj aj\u00e1nlatot az EventStuff csapat\u00e1t\u00f3l!\",\"breadcrumb\":{\"@id\":\"https:\/\/eventstuff.hu\/en\/product\/refrigerator-high-lockable\/#breadcrumb\"},\"inLanguage\":\"en-US\",\"potentialAction\":[{\"@type\":\"ReadAction\",\"target\":[\"https:\/\/eventstuff.hu\/en\/product\/refrigerator-high-lockable\/\"]}]},{\"@type\":\"ImageObject\",\"inLanguage\":\"en-US\",\"@id\":\"https:\/\/eventstuff.hu\/en\/product\/refrigerator-high-lockable\/#primaryimage\",\"url\":\"https:\/\/eventstuff.hu\/wp-content\/uploads\/2024\/11\/Huto-nagy-zarhato.png\",\"contentUrl\":\"https:\/\/eventstuff.hu\/wp-content\/uploads\/2024\/11\/Huto-nagy-zarhato.png\",\"width\":800,\"height\":584},{\"@type\":\"BreadcrumbList\",\"@id\":\"https:\/\/eventstuff.hu\/en\/product\/refrigerator-high-lockable\/#breadcrumb\",\"itemListElement\":[{\"@type\":\"ListItem\",\"position\":1,\"name\":\"Kezd\u0151lap\",\"item\":\"https:\/\/eventstuff.hu\/en\/\"},{\"@type\":\"ListItem\",\"position\":2,\"name\":\"Term\u00e9kek\",\"item\":\"https:\/\/eventstuff.hu\/termekek\/\"},{\"@type\":\"ListItem\",\"position\":3,\"name\":\"Accessories\",\"item\":\"https:\/\/eventstuff.hu\/en\/product-category\/accessories\/\"},{\"@type\":\"ListItem\",\"position\":4,\"name\":\"Machines, electrical equipment\",\"item\":\"https:\/\/eventstuff.hu\/en\/product-category\/accessories\/machines-electrical-equipment\/\"},{\"@type\":\"ListItem\",\"position\":5,\"name\":\"Refrigerator High Lockable\"}]},{\"@type\":\"WebSite\",\"@id\":\"https:\/\/eventstuff.hu\/en\/#website\",\"url\":\"https:\/\/eventstuff.hu\/en\/\",\"name\":\"Event Stuff\",\"description\":\"A sikeres rendezv\u00e9ny kell\u00e9kt\u00e1ra\",\"publisher\":{\"@id\":\"https:\/\/eventstuff.hu\/en\/#organization\"},\"potentialAction\":[{\"@type\":\"SearchAction\",\"target\":{\"@type\":\"EntryPoint\",\"urlTemplate\":\"https:\/\/eventstuff.hu\/en\/?s={search_term_string}\"},\"query-input\":{\"@type\":\"PropertyValueSpecification\",\"valueRequired\":true,\"valueName\":\"search_term_string\"}}],\"inLanguage\":\"en-US\"},{\"@type\":\"Organization\",\"@id\":\"https:\/\/eventstuff.hu\/en\/#organization\",\"name\":\"Event Stuff\",\"url\":\"https:\/\/eventstuff.hu\/en\/\",\"logo\":{\"@type\":\"ImageObject\",\"inLanguage\":\"en-US\",\"@id\":\"https:\/\/eventstuff.hu\/en\/#\/schema\/logo\/image\/\",\"url\":\"https:\/\/eventstuff.hu\/wp-content\/uploads\/2024\/10\/eventstuff-logo.png\",\"contentUrl\":\"https:\/\/eventstuff.hu\/wp-content\/uploads\/2024\/10\/eventstuff-logo.png\",\"width\":240,\"height\":168,\"caption\":\"Event Stuff\"},\"image\":{\"@id\":\"https:\/\/eventstuff.hu\/en\/#\/schema\/logo\/image\/\"},\"sameAs\":[\"https:\/\/www.facebook.com\/EventStuffhu\",\"https:\/\/www.instagram.com\/eventstuff_hu\/\",\"https:\/\/www.linkedin.com\/company\/event-stuff\/\"]}]}<\/script>\n<!-- \/ Yoast SEO plugin. -->","yoast_head_json":{"title":"Refrigerator High Lockable - Event Stuff","description":"Refrigerator High Lockable b\u00e9rl\u00e9s rendezv\u00e9nyekre. Ide\u00e1lis v\u00e1laszt\u00e1s k\u00fcl\u00f6nb\u00f6z\u0151 esem\u00e9nyekhez. K\u00e9rj aj\u00e1nlatot az EventStuff csapat\u00e1t\u00f3l!","robots":{"index":"index","follow":"follow","max-snippet":"max-snippet:-1","max-image-preview":"max-image-preview:large","max-video-preview":"max-video-preview:-1"},"canonical":"https:\/\/eventstuff.hu\/en\/product\/refrigerator-high-lockable\/","og_locale":"en_US","og_type":"article","og_title":"Refrigerator High Lockable - Event Stuff","og_description":"Refrigerator High Lockable b\u00e9rl\u00e9s rendezv\u00e9nyekre. Ide\u00e1lis v\u00e1laszt\u00e1s k\u00fcl\u00f6nb\u00f6z\u0151 esem\u00e9nyekhez. K\u00e9rj aj\u00e1nlatot az EventStuff csapat\u00e1t\u00f3l!","og_url":"https:\/\/eventstuff.hu\/en\/product\/refrigerator-high-lockable\/","og_site_name":"Event Stuff","article_publisher":"https:\/\/www.facebook.com\/EventStuffhu","article_modified_time":"2024-12-12T10:07:45+00:00","og_image":[{"width":800,"height":584,"url":"https:\/\/eventstuff.hu\/wp-content\/uploads\/2024\/11\/Huto-nagy-zarhato.png","type":"image\/png"}],"twitter_card":"summary_large_image","schema":{"@context":"https:\/\/schema.org","@graph":[{"@type":"WebPage","@id":"https:\/\/eventstuff.hu\/en\/product\/refrigerator-high-lockable\/","url":"https:\/\/eventstuff.hu\/en\/product\/refrigerator-high-lockable\/","name":"Refrigerator High Lockable - Event Stuff","isPartOf":{"@id":"https:\/\/eventstuff.hu\/en\/#website"},"primaryImageOfPage":{"@id":"https:\/\/eventstuff.hu\/en\/product\/refrigerator-high-lockable\/#primaryimage"},"image":{"@id":"https:\/\/eventstuff.hu\/en\/product\/refrigerator-high-lockable\/#primaryimage"},"thumbnailUrl":"https:\/\/eventstuff.hu\/wp-content\/uploads\/2024\/11\/Huto-nagy-zarhato.png","datePublished":"2024-11-19T15:18:57+00:00","dateModified":"2024-12-12T10:07:45+00:00","description":"Refrigerator High Lockable b\u00e9rl\u00e9s rendezv\u00e9nyekre. Ide\u00e1lis v\u00e1laszt\u00e1s k\u00fcl\u00f6nb\u00f6z\u0151 esem\u00e9nyekhez. K\u00e9rj aj\u00e1nlatot az EventStuff csapat\u00e1t\u00f3l!","breadcrumb":{"@id":"https:\/\/eventstuff.hu\/en\/product\/refrigerator-high-lockable\/#breadcrumb"},"inLanguage":"en-US","potentialAction":[{"@type":"ReadAction","target":["https:\/\/eventstuff.hu\/en\/product\/refrigerator-high-lockable\/"]}]},{"@type":"ImageObject","inLanguage":"en-US","@id":"https:\/\/eventstuff.hu\/en\/product\/refrigerator-high-lockable\/#primaryimage","url":"https:\/\/eventstuff.hu\/wp-content\/uploads\/2024\/11\/Huto-nagy-zarhato.png","contentUrl":"https:\/\/eventstuff.hu\/wp-content\/uploads\/2024\/11\/Huto-nagy-zarhato.png","width":800,"height":584},{"@type":"BreadcrumbList","@id":"https:\/\/eventstuff.hu\/en\/product\/refrigerator-high-lockable\/#breadcrumb","itemListElement":[{"@type":"ListItem","position":1,"name":"Kezd\u0151lap","item":"https:\/\/eventstuff.hu\/en\/"},{"@type":"ListItem","position":2,"name":"Term\u00e9kek","item":"https:\/\/eventstuff.hu\/termekek\/"},{"@type":"ListItem","position":3,"name":"Accessories","item":"https:\/\/eventstuff.hu\/en\/product-category\/accessories\/"},{"@type":"ListItem","position":4,"name":"Machines, electrical equipment","item":"https:\/\/eventstuff.hu\/en\/product-category\/accessories\/machines-electrical-equipment\/"},{"@type":"ListItem","position":5,"name":"Refrigerator High Lockable"}]},{"@type":"WebSite","@id":"https:\/\/eventstuff.hu\/en\/#website","url":"https:\/\/eventstuff.hu\/en\/","name":"Event Stuff","description":"A sikeres rendezv\u00e9ny kell\u00e9kt\u00e1ra","publisher":{"@id":"https:\/\/eventstuff.hu\/en\/#organization"},"potentialAction":[{"@type":"SearchAction","target":{"@type":"EntryPoint","urlTemplate":"https:\/\/eventstuff.hu\/en\/?s={search_term_string}"},"query-input":{"@type":"PropertyValueSpecification","valueRequired":true,"valueName":"search_term_string"}}],"inLanguage":"en-US"},{"@type":"Organization","@id":"https:\/\/eventstuff.hu\/en\/#organization","name":"Event Stuff","url":"https:\/\/eventstuff.hu\/en\/","logo":{"@type":"ImageObject","inLanguage":"en-US","@id":"https:\/\/eventstuff.hu\/en\/#\/schema\/logo\/image\/","url":"https:\/\/eventstuff.hu\/wp-content\/uploads\/2024\/10\/eventstuff-logo.png","contentUrl":"https:\/\/eventstuff.hu\/wp-content\/uploads\/2024\/10\/eventstuff-logo.png","width":240,"height":168,"caption":"Event Stuff"},"image":{"@id":"https:\/\/eventstuff.hu\/en\/#\/schema\/logo\/image\/"},"sameAs":["https:\/\/www.facebook.com\/EventStuffhu","https:\/\/www.instagram.com\/eventstuff_hu\/","https:\/\/www.linkedin.com\/company\/event-stuff\/"]}]}},"_links":{"self":[{"href":"https:\/\/eventstuff.hu\/en\/wp-json\/wp\/v2\/product\/6963","targetHints":{"allow":["GET"]}}],"collection":[{"href":"https:\/\/eventstuff.hu\/en\/wp-json\/wp\/v2\/product"}],"about":[{"href":"https:\/\/eventstuff.hu\/en\/wp-json\/wp\/v2\/types\/product"}],"wp:featuredmedia":[{"embeddable":true,"href":"https:\/\/eventstuff.hu\/en\/wp-json\/wp\/v2\/media\/5523"}],"wp:attachment":[{"href":"https:\/\/eventstuff.hu\/en\/wp-json\/wp\/v2\/media?parent=6963"}],"wp:term":[{"taxonomy":"product_brand","embeddable":true,"href":"https:\/\/eventstuff.hu\/en\/wp-json\/wp\/v2\/product_brand?post=6963"},{"taxonomy":"product_cat","embeddable":true,"href":"https:\/\/eventstuff.hu\/en\/wp-json\/wp\/v2\/product_cat?post=6963"},{"taxonomy":"product_tag","embeddable":true,"href":"https:\/\/eventstuff.hu\/en\/wp-json\/wp\/v2\/product_tag?post=6963"}],"curies":[{"name":"wp","href":"https:\/\/api.w.org\/{rel}","templated":true}]}}