{"id":6867,"date":"2024-11-19T16:18:02","date_gmt":"2024-11-19T15:18:02","guid":{"rendered":"https:\/\/eventstuff.hu\/termek\/police-crowd-control-barrier\/"},"modified":"2024-12-12T11:07:21","modified_gmt":"2024-12-12T10:07:21","slug":"police-crowd-control-barrier","status":"publish","type":"product","link":"https:\/\/eventstuff.hu\/en\/product\/police-crowd-control-barrier\/","title":{"rendered":"Police Crowd Control Barrier"},"content":{"rendered":"<p>The police crowd control barrier is an accessory for large public events, specifically recommended to set up in front of stages and areas where high crowd pressure is expected. The barrier is collapsible and made of galvanized steel. It is stable, of excellent quality, and has superb corrosion protection, making it suitable for long-term use and resistant to extreme loads. It is designed for setting up in front of stages, specifically to stop and secure large crowds. Its name comes from the fact that the units are screwed together in an L-shape, with people standing on the lowered section, thus forming a very strong unit.<br \/>\nThe police crowd control barrier can be made from aluminum or galvanized steel. The aluminum barrier weighs about 25 kg, has a width of 1 meter, and a height of 1.25 meters. The steel barrier weighs about 45 kg, with the same dimensions as the aluminum version.<\/p>\n","protected":false},"excerpt":{"rendered":"<p>The police crowd control barrier can be made from aluminum or galvanized steel. The aluminum barrier weighs about 25 kg<\/p>\n","protected":false},"featured_media":5261,"template":"","meta":[],"product_brand":[],"product_cat":[386],"product_tag":[],"class_list":{"0":"post-6867","1":"product","2":"type-product","3":"status-publish","4":"has-post-thumbnail","6":"product_cat-fences","7":"pa_additional-information-branded-cover-can-be-fixed-to-it-at-additional-cost","8":"pa_material-galvanized-metal","10":"first","11":"instock","12":"purchasable","13":"product-type-simple"},"yoast_head":"<!-- This site is optimized with the Yoast SEO plugin v27.3 - https:\/\/yoast.com\/product\/yoast-seo-wordpress\/ -->\n<title>Police Crowd Control Barrier - Event Stuff<\/title>\n<meta name=\"description\" content=\"Police Crowd Control Barrier b\u00e9rl\u00e9s rendezv\u00e9nyekre. Ide\u00e1lis v\u00e1laszt\u00e1s k\u00fcl\u00f6nb\u00f6z\u0151 esem\u00e9nyekhez. K\u00e9rj aj\u00e1nlatot az EventStuff csapat\u00e1t\u00f3l!\" \/>\n<meta name=\"robots\" content=\"index, follow, max-snippet:-1, max-image-preview:large, max-video-preview:-1\" \/>\n<link rel=\"canonical\" href=\"https:\/\/eventstuff.hu\/en\/product\/police-crowd-control-barrier\/\" \/>\n<meta property=\"og:locale\" content=\"en_US\" \/>\n<meta property=\"og:type\" content=\"article\" \/>\n<meta property=\"og:title\" content=\"Police Crowd Control Barrier - Event Stuff\" \/>\n<meta property=\"og:description\" content=\"Police Crowd Control Barrier b\u00e9rl\u00e9s rendezv\u00e9nyekre. Ide\u00e1lis v\u00e1laszt\u00e1s k\u00fcl\u00f6nb\u00f6z\u0151 esem\u00e9nyekhez. K\u00e9rj aj\u00e1nlatot az EventStuff csapat\u00e1t\u00f3l!\" \/>\n<meta property=\"og:url\" content=\"https:\/\/eventstuff.hu\/en\/product\/police-crowd-control-barrier\/\" \/>\n<meta property=\"og:site_name\" content=\"Event Stuff\" \/>\n<meta property=\"article:publisher\" content=\"https:\/\/www.facebook.com\/EventStuffhu\" \/>\n<meta property=\"article:modified_time\" content=\"2024-12-12T10:07:21+00:00\" \/>\n<meta property=\"og:image\" content=\"https:\/\/eventstuff.hu\/wp-content\/uploads\/2024\/11\/termek_0340.png\" \/>\n\t<meta property=\"og:image:width\" content=\"500\" \/>\n\t<meta property=\"og:image:height\" content=\"365\" \/>\n\t<meta property=\"og:image:type\" content=\"image\/png\" \/>\n<meta name=\"twitter:card\" content=\"summary_large_image\" \/>\n<meta name=\"twitter:label1\" content=\"Est. reading time\" \/>\n\t<meta name=\"twitter:data1\" content=\"1 minute\" \/>\n<script type=\"application\/ld+json\" class=\"yoast-schema-graph\">{\"@context\":\"https:\\\/\\\/schema.org\",\"@graph\":[{\"@type\":\"WebPage\",\"@id\":\"https:\\\/\\\/eventstuff.hu\\\/en\\\/product\\\/police-crowd-control-barrier\\\/\",\"url\":\"https:\\\/\\\/eventstuff.hu\\\/en\\\/product\\\/police-crowd-control-barrier\\\/\",\"name\":\"Police Crowd Control Barrier - Event Stuff\",\"isPartOf\":{\"@id\":\"https:\\\/\\\/eventstuff.hu\\\/en\\\/#website\"},\"primaryImageOfPage\":{\"@id\":\"https:\\\/\\\/eventstuff.hu\\\/en\\\/product\\\/police-crowd-control-barrier\\\/#primaryimage\"},\"image\":{\"@id\":\"https:\\\/\\\/eventstuff.hu\\\/en\\\/product\\\/police-crowd-control-barrier\\\/#primaryimage\"},\"thumbnailUrl\":\"https:\\\/\\\/eventstuff.hu\\\/wp-content\\\/uploads\\\/2024\\\/11\\\/termek_0340.png\",\"datePublished\":\"2024-11-19T15:18:02+00:00\",\"dateModified\":\"2024-12-12T10:07:21+00:00\",\"description\":\"Police Crowd Control Barrier b\u00e9rl\u00e9s rendezv\u00e9nyekre. Ide\u00e1lis v\u00e1laszt\u00e1s k\u00fcl\u00f6nb\u00f6z\u0151 esem\u00e9nyekhez. K\u00e9rj aj\u00e1nlatot az EventStuff csapat\u00e1t\u00f3l!\",\"breadcrumb\":{\"@id\":\"https:\\\/\\\/eventstuff.hu\\\/en\\\/product\\\/police-crowd-control-barrier\\\/#breadcrumb\"},\"inLanguage\":\"en-US\",\"potentialAction\":[{\"@type\":\"ReadAction\",\"target\":[\"https:\\\/\\\/eventstuff.hu\\\/en\\\/product\\\/police-crowd-control-barrier\\\/\"]}]},{\"@type\":\"ImageObject\",\"inLanguage\":\"en-US\",\"@id\":\"https:\\\/\\\/eventstuff.hu\\\/en\\\/product\\\/police-crowd-control-barrier\\\/#primaryimage\",\"url\":\"https:\\\/\\\/eventstuff.hu\\\/wp-content\\\/uploads\\\/2024\\\/11\\\/termek_0340.png\",\"contentUrl\":\"https:\\\/\\\/eventstuff.hu\\\/wp-content\\\/uploads\\\/2024\\\/11\\\/termek_0340.png\",\"width\":500,\"height\":365},{\"@type\":\"BreadcrumbList\",\"@id\":\"https:\\\/\\\/eventstuff.hu\\\/en\\\/product\\\/police-crowd-control-barrier\\\/#breadcrumb\",\"itemListElement\":[{\"@type\":\"ListItem\",\"position\":1,\"name\":\"Kezd\u0151lap\",\"item\":\"https:\\\/\\\/eventstuff.hu\\\/en\\\/\"},{\"@type\":\"ListItem\",\"position\":2,\"name\":\"Term\u00e9kek\",\"item\":\"https:\\\/\\\/eventstuff.hu\\\/termekek\\\/\"},{\"@type\":\"ListItem\",\"position\":3,\"name\":\"Fences, barriers\",\"item\":\"https:\\\/\\\/eventstuff.hu\\\/en\\\/product-category\\\/fences\\\/\"},{\"@type\":\"ListItem\",\"position\":4,\"name\":\"Police Crowd Control Barrier\"}]},{\"@type\":\"WebSite\",\"@id\":\"https:\\\/\\\/eventstuff.hu\\\/en\\\/#website\",\"url\":\"https:\\\/\\\/eventstuff.hu\\\/en\\\/\",\"name\":\"Event Stuff\",\"description\":\"A sikeres rendezv\u00e9ny kell\u00e9kt\u00e1ra\",\"publisher\":{\"@id\":\"https:\\\/\\\/eventstuff.hu\\\/en\\\/#organization\"},\"potentialAction\":[{\"@type\":\"SearchAction\",\"target\":{\"@type\":\"EntryPoint\",\"urlTemplate\":\"https:\\\/\\\/eventstuff.hu\\\/en\\\/?s={search_term_string}\"},\"query-input\":{\"@type\":\"PropertyValueSpecification\",\"valueRequired\":true,\"valueName\":\"search_term_string\"}}],\"inLanguage\":\"en-US\"},{\"@type\":\"Organization\",\"@id\":\"https:\\\/\\\/eventstuff.hu\\\/en\\\/#organization\",\"name\":\"Event Stuff\",\"url\":\"https:\\\/\\\/eventstuff.hu\\\/en\\\/\",\"logo\":{\"@type\":\"ImageObject\",\"inLanguage\":\"en-US\",\"@id\":\"https:\\\/\\\/eventstuff.hu\\\/en\\\/#\\\/schema\\\/logo\\\/image\\\/\",\"url\":\"https:\\\/\\\/eventstuff.hu\\\/wp-content\\\/uploads\\\/2024\\\/10\\\/eventstuff-logo.png\",\"contentUrl\":\"https:\\\/\\\/eventstuff.hu\\\/wp-content\\\/uploads\\\/2024\\\/10\\\/eventstuff-logo.png\",\"width\":240,\"height\":168,\"caption\":\"Event Stuff\"},\"image\":{\"@id\":\"https:\\\/\\\/eventstuff.hu\\\/en\\\/#\\\/schema\\\/logo\\\/image\\\/\"},\"sameAs\":[\"https:\\\/\\\/www.facebook.com\\\/EventStuffhu\",\"https:\\\/\\\/www.instagram.com\\\/eventstuff_hu\\\/\",\"https:\\\/\\\/www.linkedin.com\\\/company\\\/event-stuff\\\/\"]}]}<\/script>\n<!-- \/ Yoast SEO plugin. -->","yoast_head_json":{"title":"Police Crowd Control Barrier - Event Stuff","description":"Police Crowd Control Barrier b\u00e9rl\u00e9s rendezv\u00e9nyekre. Ide\u00e1lis v\u00e1laszt\u00e1s k\u00fcl\u00f6nb\u00f6z\u0151 esem\u00e9nyekhez. K\u00e9rj aj\u00e1nlatot az EventStuff csapat\u00e1t\u00f3l!","robots":{"index":"index","follow":"follow","max-snippet":"max-snippet:-1","max-image-preview":"max-image-preview:large","max-video-preview":"max-video-preview:-1"},"canonical":"https:\/\/eventstuff.hu\/en\/product\/police-crowd-control-barrier\/","og_locale":"en_US","og_type":"article","og_title":"Police Crowd Control Barrier - Event Stuff","og_description":"Police Crowd Control Barrier b\u00e9rl\u00e9s rendezv\u00e9nyekre. Ide\u00e1lis v\u00e1laszt\u00e1s k\u00fcl\u00f6nb\u00f6z\u0151 esem\u00e9nyekhez. K\u00e9rj aj\u00e1nlatot az EventStuff csapat\u00e1t\u00f3l!","og_url":"https:\/\/eventstuff.hu\/en\/product\/police-crowd-control-barrier\/","og_site_name":"Event Stuff","article_publisher":"https:\/\/www.facebook.com\/EventStuffhu","article_modified_time":"2024-12-12T10:07:21+00:00","og_image":[{"width":500,"height":365,"url":"https:\/\/eventstuff.hu\/wp-content\/uploads\/2024\/11\/termek_0340.png","type":"image\/png"}],"twitter_card":"summary_large_image","twitter_misc":{"Est. reading time":"1 minute"},"schema":{"@context":"https:\/\/schema.org","@graph":[{"@type":"WebPage","@id":"https:\/\/eventstuff.hu\/en\/product\/police-crowd-control-barrier\/","url":"https:\/\/eventstuff.hu\/en\/product\/police-crowd-control-barrier\/","name":"Police Crowd Control Barrier - Event Stuff","isPartOf":{"@id":"https:\/\/eventstuff.hu\/en\/#website"},"primaryImageOfPage":{"@id":"https:\/\/eventstuff.hu\/en\/product\/police-crowd-control-barrier\/#primaryimage"},"image":{"@id":"https:\/\/eventstuff.hu\/en\/product\/police-crowd-control-barrier\/#primaryimage"},"thumbnailUrl":"https:\/\/eventstuff.hu\/wp-content\/uploads\/2024\/11\/termek_0340.png","datePublished":"2024-11-19T15:18:02+00:00","dateModified":"2024-12-12T10:07:21+00:00","description":"Police Crowd Control Barrier b\u00e9rl\u00e9s rendezv\u00e9nyekre. Ide\u00e1lis v\u00e1laszt\u00e1s k\u00fcl\u00f6nb\u00f6z\u0151 esem\u00e9nyekhez. K\u00e9rj aj\u00e1nlatot az EventStuff csapat\u00e1t\u00f3l!","breadcrumb":{"@id":"https:\/\/eventstuff.hu\/en\/product\/police-crowd-control-barrier\/#breadcrumb"},"inLanguage":"en-US","potentialAction":[{"@type":"ReadAction","target":["https:\/\/eventstuff.hu\/en\/product\/police-crowd-control-barrier\/"]}]},{"@type":"ImageObject","inLanguage":"en-US","@id":"https:\/\/eventstuff.hu\/en\/product\/police-crowd-control-barrier\/#primaryimage","url":"https:\/\/eventstuff.hu\/wp-content\/uploads\/2024\/11\/termek_0340.png","contentUrl":"https:\/\/eventstuff.hu\/wp-content\/uploads\/2024\/11\/termek_0340.png","width":500,"height":365},{"@type":"BreadcrumbList","@id":"https:\/\/eventstuff.hu\/en\/product\/police-crowd-control-barrier\/#breadcrumb","itemListElement":[{"@type":"ListItem","position":1,"name":"Kezd\u0151lap","item":"https:\/\/eventstuff.hu\/en\/"},{"@type":"ListItem","position":2,"name":"Term\u00e9kek","item":"https:\/\/eventstuff.hu\/termekek\/"},{"@type":"ListItem","position":3,"name":"Fences, barriers","item":"https:\/\/eventstuff.hu\/en\/product-category\/fences\/"},{"@type":"ListItem","position":4,"name":"Police Crowd Control Barrier"}]},{"@type":"WebSite","@id":"https:\/\/eventstuff.hu\/en\/#website","url":"https:\/\/eventstuff.hu\/en\/","name":"Event Stuff","description":"A sikeres rendezv\u00e9ny kell\u00e9kt\u00e1ra","publisher":{"@id":"https:\/\/eventstuff.hu\/en\/#organization"},"potentialAction":[{"@type":"SearchAction","target":{"@type":"EntryPoint","urlTemplate":"https:\/\/eventstuff.hu\/en\/?s={search_term_string}"},"query-input":{"@type":"PropertyValueSpecification","valueRequired":true,"valueName":"search_term_string"}}],"inLanguage":"en-US"},{"@type":"Organization","@id":"https:\/\/eventstuff.hu\/en\/#organization","name":"Event Stuff","url":"https:\/\/eventstuff.hu\/en\/","logo":{"@type":"ImageObject","inLanguage":"en-US","@id":"https:\/\/eventstuff.hu\/en\/#\/schema\/logo\/image\/","url":"https:\/\/eventstuff.hu\/wp-content\/uploads\/2024\/10\/eventstuff-logo.png","contentUrl":"https:\/\/eventstuff.hu\/wp-content\/uploads\/2024\/10\/eventstuff-logo.png","width":240,"height":168,"caption":"Event Stuff"},"image":{"@id":"https:\/\/eventstuff.hu\/en\/#\/schema\/logo\/image\/"},"sameAs":["https:\/\/www.facebook.com\/EventStuffhu","https:\/\/www.instagram.com\/eventstuff_hu\/","https:\/\/www.linkedin.com\/company\/event-stuff\/"]}]}},"_links":{"self":[{"href":"https:\/\/eventstuff.hu\/en\/wp-json\/wp\/v2\/product\/6867","targetHints":{"allow":["GET"]}}],"collection":[{"href":"https:\/\/eventstuff.hu\/en\/wp-json\/wp\/v2\/product"}],"about":[{"href":"https:\/\/eventstuff.hu\/en\/wp-json\/wp\/v2\/types\/product"}],"wp:featuredmedia":[{"embeddable":true,"href":"https:\/\/eventstuff.hu\/en\/wp-json\/wp\/v2\/media\/5261"}],"wp:attachment":[{"href":"https:\/\/eventstuff.hu\/en\/wp-json\/wp\/v2\/media?parent=6867"}],"wp:term":[{"taxonomy":"product_brand","embeddable":true,"href":"https:\/\/eventstuff.hu\/en\/wp-json\/wp\/v2\/product_brand?post=6867"},{"taxonomy":"product_cat","embeddable":true,"href":"https:\/\/eventstuff.hu\/en\/wp-json\/wp\/v2\/product_cat?post=6867"},{"taxonomy":"product_tag","embeddable":true,"href":"https:\/\/eventstuff.hu\/en\/wp-json\/wp\/v2\/product_tag?post=6867"}],"curies":[{"name":"wp","href":"https:\/\/api.w.org\/{rel}","templated":true}]}}